{"id":91,"date":"2023-04-03T19:29:59","date_gmt":"2023-04-03T17:29:59","guid":{"rendered":"https:\/\/consolatozurigo.esteri.it\/?page_id=91"},"modified":"2025-08-20T15:04:13","modified_gmt":"2025-08-20T09:34:13","slug":"autoveicoli-e-patenti-di-guida","status":"publish","type":"page","link":"https:\/\/consbangalore.esteri.it\/it\/servizi-consolari-e-visti\/servizi-per-il-cittadino-italiano\/autoveicoli-e-patenti-di-guida\/","title":{"rendered":"Autoveicoli e Patenti di guida"},"content":{"rendered":"<p>Per informazioni sulla <span style=\"color: #0000ff;\"><strong><a style=\"color: #0000ff;\" href=\"https:\/\/www.esteri.it\/it\/servizi-consolari-e-visti\/italiani-all-estero\/autoveicoli_e_patenti\/patenteguida\/\" target=\"_blank\" rel=\"noopener\">patente di guida<\/a><\/strong><\/span> e sulla <span style=\"color: #0000ff;\"><strong><a style=\"color: #0000ff;\" href=\"https:\/\/www.esteri.it\/it\/servizi-consolari-e-visti\/italiani-all-estero\/autoveicoli_e_patenti\/radiazionepra\/\" target=\"_blank\" rel=\"noopener\">radiazione dei veicoli dal PRA<\/a><\/strong><\/span> (Pubblico Registro Automobilistico) altre <span style=\"color: #000000;\">pratiche automobilistiche <\/span>si consultino le relative sezioni della Guida ai servizi consolari del Ministero degli Affari Esteri e della Cooperazione Internazionale<\/p>\n<p>Il Consolato Generale\u00a0<strong>non<\/strong> rilascia patenti di alcun tipo, n\u00e9\u00a0patenti ordinarie di guida n\u00e9 patenti nautiche, ma \u00e8 solamente competente ad effettuare il rinnovo delle patenti di guida. I Consolati Generali non sono inoltre competenti per il rilascio di patenti internazionali che andranno invece richieste nel luogo in cui la patente ordinaria \u00e8 stata conseguita.<\/p>\n<h5><strong>RINNOVO PATENTE<\/strong><\/h5>\n<p>Al fine del rinnovo della patente sar\u00e0 necessario presentare a questo Ufficio, previo appuntamento da prendere scrivendo a <a href=\"mailto:bangalore.consolare@esteri.it\" target=\"_blank\" rel=\"noopener\"><span style=\"color: #0000ff;\">bangalore.consolare@esteri.it<\/span><\/a>, quanto segue:<\/p>\n<p>1)\u00a0 Certificato medico rilasciato dal medico di fiducia del Consolato Generale*;<\/p>\n<p>2) <span style=\"color: #0000ff;\"><strong><a style=\"color: #0000ff;\" href=\"https:\/\/consbangalore.esteri.it\/wp-content\/uploads\/2025\/08\/PATENTE-MODULO-RICHIESTA-RINNOVO-2018.doc\" target=\"_blank\" rel=\"noopener\">Modulo di richiesta di rinnovo<\/a><\/strong><\/span>, debitamente compilato;<\/p>\n<p>3)\u00a0 Patente di guida scaduta (da non pi\u00f9 di cinque anni);<\/p>\n<p>4) Due fotografie formato passaporto;<\/p>\n<p>5) Fotocopia del proprio passaporto.<\/p>\n<p>&nbsp;<\/p>\n<p>Il richiedente dovr\u00e0 versare i diritti consolari (Rinnovo: 50 Euro): per l\u2019importo &#8211; da pagare esclusivamente in contanti in Rupie indiane &#8211; si prega di fare riferimento alla <span style=\"color: #0000ff;\"><strong><a style=\"color: #0000ff;\" href=\"https:\/\/ambnewdelhi.esteri.it\/it\/servizi-consolari-e-visti\/servizi-per-il-cittadino-italiano\/altri-servizi\/tariffe-consolari\/\" target=\"_blank\" rel=\"noopener\">tabella dei diritti consolari<\/a><\/strong><\/span> con il tasso di ragguaglio, pubblicata dall&#8217;<span style=\"color: #000000;\"><strong><span style=\"color: #0000ff;\"><a style=\"color: #0000ff;\" href=\"https:\/\/ambnewdelhi.esteri.it\/it\/\" target=\"_blank\" rel=\"noopener\">Ambasciata d&#8217;Italia a New Delhi<\/a>.<\/span><\/strong><\/span><\/p>\n<p><strong>Si precisa che il rinnovo \u00e8\u00a0valido per il periodo di permanenza all\u2019estero. Qualora il titolare riacquisti la residenza o la dimora in Italia, dovr\u00e0 confermare la validit\u00e0 della patente presso le competenti autorit\u00e0 in Italia<\/strong>.<\/p>\n<p>*\u00a0 Il certificato medico da presentare deve seguire il <span style=\"color: #0000ff;\"><strong><a style=\"color: #0000ff;\" href=\"https:\/\/ambnewdelhi.esteri.it\/wp-content\/uploads\/2023\/03\/patente_di_guida_medical_certificate.pdf\" target=\"_blank\" rel=\"noopener\">modello allegato<\/a><\/strong><\/span> e\u00a0deve necessariamente essere emesso dal medico di fiducia del Consolato Generale, con studio in Bangalore. Per prendere contatti con il medico di fiducia, scrivere a <a href=\"mailto:bangalore.consolare@esteri.it\" target=\"_blank\" rel=\"noopener\"><span style=\"color: #0000ff;\">bangalore.consolare@esteri.it<\/span><\/a><\/p>\n","protected":false},"excerpt":{"rendered":"Per informazioni sulla patente di guida e sulla radiazione dei veicoli dal PRA (Pubblico Registro Automobilistico) altre pratiche automobilistiche si consultino le relative sezioni della Guida ai servizi consolari del Ministero degli Affari Esteri e della Cooperazione Internazionale Il Consolato Generale\u00a0non rilascia patenti di alcun tipo, n\u00e9\u00a0patenti ordinarie di guida n\u00e9 patenti nautiche, ma \u00e8 [&hellip;]","protected":false},"author":1,"featured_media":0,"parent":59,"menu_order":16,"comment_status":"closed","ping_status":"closed","template":"","meta":{"footnotes":""},"class_list":["post-91","page","type-page","status-publish","hentry"],"_links":{"self":[{"href":"https:\/\/consbangalore.esteri.it\/it\/wp-json\/wp\/v2\/pages\/91","targetHints":{"allow":["GET"]}}],"collection":[{"href":"https:\/\/consbangalore.esteri.it\/it\/wp-json\/wp\/v2\/pages"}],"about":[{"href":"https:\/\/consbangalore.esteri.it\/it\/wp-json\/wp\/v2\/types\/page"}],"author":[{"embeddable":true,"href":"https:\/\/consbangalore.esteri.it\/it\/wp-json\/wp\/v2\/users\/1"}],"replies":[{"embeddable":true,"href":"https:\/\/consbangalore.esteri.it\/it\/wp-json\/wp\/v2\/comments?post=91"}],"version-history":[{"count":6,"href":"https:\/\/consbangalore.esteri.it\/it\/wp-json\/wp\/v2\/pages\/91\/revisions"}],"predecessor-version":[{"id":3172,"href":"https:\/\/consbangalore.esteri.it\/it\/wp-json\/wp\/v2\/pages\/91\/revisions\/3172"}],"up":[{"embeddable":true,"href":"https:\/\/consbangalore.esteri.it\/it\/wp-json\/wp\/v2\/pages\/59"}],"wp:attachment":[{"href":"https:\/\/consbangalore.esteri.it\/it\/wp-json\/wp\/v2\/media?parent=91"}],"curies":[{"name":"wp","href":"https:\/\/api.w.org\/{rel}","templated":true}]}}