{"id":85,"date":"2023-04-03T19:28:49","date_gmt":"2023-04-03T17:28:49","guid":{"rendered":"https:\/\/consolatozurigo.esteri.it\/?page_id=85"},"modified":"2024-11-13T15:35:20","modified_gmt":"2024-11-13T10:05:20","slug":"anagrafe-degli-italiani-residenti-allestero-aire","status":"publish","type":"page","link":"https:\/\/consbangalore.esteri.it\/it\/servizi-consolari-e-visti\/servizi-per-il-cittadino-italiano\/anagrafe-degli-italiani-residenti-allestero-aire\/","title":{"rendered":"Anagrafe degli Italiani residenti all\u2019estero (AIRE)"},"content":{"rendered":"<p>Per informazioni generali sull\u2019iscrizione all\u2019AIRE si consulti la relativa <span style=\"color: #0000ff;\"><strong><a style=\"color: #0000ff;\" href=\"https:\/\/www.esteri.it\/it\/servizi-consolari-e-visti\/italiani-all-estero\/aire_0\/\" target=\"_blank\" rel=\"noopener\">sezione<\/a><\/strong><\/span> della Guida ai servizi consolari del Ministero degli Affari Esteri e della Cooperazione Internazionale.<\/p>\n<p>&nbsp;<\/p>\n<h5><strong>Procedura per iscrizione, variazione e cancellazione AIRE (per i cittadini italiani che si trasferiscono in India)<\/strong><\/h5>\n<p>Prima di iniziare, si consiglia di verificare qual \u00e8 il <span style=\"color: #0000ff;\"><strong><a style=\"color: #0000ff;\" href=\"https:\/\/ambnewdelhi.esteri.it\/it\/chi-siamo\/la-rete-consolare\/\" target=\"_blank\" rel=\"noopener\">Consolato competente<\/a><\/strong><\/span> in base all&#8217;indirizzo di residenza: se il Consolato competente \u00e8 il Consolato Generale d&#8217;Italia a Bangalore, si prega di continuare con le seguenti istruzioni, altrimenti si consulti il sito del Consolato competente.<\/p>\n<p>Per l\u2019iscrizione all\u2019AIRE tramite il portale\u00a0<span style=\"color: #0000ff;\"><strong><a style=\"color: #0000ff;\" href=\"https:\/\/serviziconsolari.esteri.it\/ScoFE\/index.sco\" target=\"_blank\" rel=\"noopener\">Fast.It<\/a><\/strong><\/span> si raccomanda di seguire le <span style=\"color: #0000ff;\"><strong><a style=\"color: #0000ff;\" href=\"https:\/\/serviziconsolari.esteri.it\/ScoFE\/services\/service-info.sco?serviceId=92&amp;sCode=AIRERR\" target=\"_blank\" rel=\"noopener\">istruzioni<\/a><\/strong><\/span>, assicurandosi di avere con s\u00e9 un documento d\u2019identit\u00e0: la procedura descritta permette al cittadino di chiedere l\u2019iscrizione AIRE compilando on-line il modulo di iscrizione e allegando il documento d\u2019identit\u00e0 e la prova di residenza di tutti i membri della famiglia direttamente in formato elettronico.<\/p>\n<p><strong>Attenzione: la procedura di iscrizione AIRE attualmente attiva sul sito\u00a0Fast.it prevede l\u2019iscrizione di almeno un membro maggiorenne del nucleo familiare \u2013 con cittadinanza italiana \u2013 residente in India e di eventuali figli minori residenti e non residenti. Nei casi di iscrizioni di minori il cui genitore italiano non risieda in India, non sar\u00e0 possibile l\u2019iscrizione attraverso il portale Fast.it. Per questi ultimi casi si prega di contattare direttamente il Consolato scrivendo una e-mail a <span style=\"color: #0000ff;\"><a style=\"color: #0000ff;\" href=\"mailto:bangalore.consolare@esteri.it\" target=\"_blank\" rel=\"noopener\">bangalore.consolare@esteri.it<\/a>.<\/span><\/strong><\/p>\n<p>&nbsp;<\/p>\n<h5>Documenti necessari da caricare sul portale\u00a0Fast.It<\/h5>\n<p>1. Fotocopia del passaporto italiano (delle sole pagine che indicano i dati personali, l\u2019Autorit\u00e0 che lo ha rilasciato e il visto d\u2019ingresso in India) e \u2013 se in possesso \u2013 copia della carta d\u2019identit\u00e0 italiana (fronte e retro del documento);<\/p>\n<p>2. Documento comprovante la residenza nella circoscrizione del Consolato Generale a Bangalore (OCI card, Aadhar card, contratto di affitto, contratto di lavoro, bolletta elettricit\u00e0, gas, telefono, ecc.);<\/p>\n<p>3. Richiesta di iscrizione all\u2019AIRE (stampare il modulo compilato dal portale\u00a0Fast.It, firmarlo, farne la scansione e caricarlo nuovamente sul portale).<\/p>\n<p><strong>Attenzione: occorre caricare i documenti richiesti utilizzando i tre campi a disposizione. Si prega quindi di\u00a0non\u00a0caricare tutti i documenti in un solo campo, lasciando vuoti gli altri due. Ciascun componente il nucleo familiare, se maggiorenne, dovr\u00e0 compilare e firmare il modulo di richiesta. In presenza di figli minori sar\u00e0 necessario indicare i dati anagrafici di entrambi i genitori e il loro indirizzo, se diverso. Si alleghino inoltre i documenti di riconoscimento di tutti i componenti il nucleo familiare.<\/strong><\/p>\n<p>L&#8217;Ufficio Consolare, dopo aver verificato la validit\u00e0 dei documenti ricevuti, inserir\u00e0 i dati acquisiti nei propri schedari consolari e ne dar\u00e0 comunicazione al Comune italiano competente (Comune di ultima residenza dell\u2019interessato oppure, in caso di nascita e residenza continuativa all\u2019estero, Comune di ultima residenza dei genitori od antenati).<\/p>\n<p>Sar\u00e0 cura del Comune italiano notificare direttamente agli interessati l\u2019avvenuta iscrizione nei propri registri AIRE indicando la data di decorrenza del provvedimento.<\/p>\n","protected":false},"excerpt":{"rendered":"Per informazioni generali sull\u2019iscrizione all\u2019AIRE si consulti la relativa sezione della Guida ai servizi consolari del Ministero degli Affari Esteri e della Cooperazione Internazionale. &nbsp; Procedura per iscrizione, variazione e cancellazione AIRE (per i cittadini italiani che si trasferiscono in India) Prima di iniziare, si consiglia di verificare qual \u00e8 il Consolato competente in base [&hellip;]","protected":false},"author":1,"featured_media":0,"parent":59,"menu_order":4,"comment_status":"closed","ping_status":"closed","template":"","meta":{"footnotes":""},"class_list":["post-85","page","type-page","status-publish","hentry"],"_links":{"self":[{"href":"https:\/\/consbangalore.esteri.it\/it\/wp-json\/wp\/v2\/pages\/85","targetHints":{"allow":["GET"]}}],"collection":[{"href":"https:\/\/consbangalore.esteri.it\/it\/wp-json\/wp\/v2\/pages"}],"about":[{"href":"https:\/\/consbangalore.esteri.it\/it\/wp-json\/wp\/v2\/types\/page"}],"author":[{"embeddable":true,"href":"https:\/\/consbangalore.esteri.it\/it\/wp-json\/wp\/v2\/users\/1"}],"replies":[{"embeddable":true,"href":"https:\/\/consbangalore.esteri.it\/it\/wp-json\/wp\/v2\/comments?post=85"}],"version-history":[{"count":7,"href":"https:\/\/consbangalore.esteri.it\/it\/wp-json\/wp\/v2\/pages\/85\/revisions"}],"predecessor-version":[{"id":1722,"href":"https:\/\/consbangalore.esteri.it\/it\/wp-json\/wp\/v2\/pages\/85\/revisions\/1722"}],"up":[{"embeddable":true,"href":"https:\/\/consbangalore.esteri.it\/it\/wp-json\/wp\/v2\/pages\/59"}],"wp:attachment":[{"href":"https:\/\/consbangalore.esteri.it\/it\/wp-json\/wp\/v2\/media?parent=85"}],"curies":[{"name":"wp","href":"https:\/\/api.w.org\/{rel}","templated":true}]}}