{"id":67,"date":"2023-04-03T19:27:59","date_gmt":"2023-04-03T17:27:59","guid":{"rendered":"https:\/\/consolatozurigo.esteri.it\/?page_id=67"},"modified":"2026-01-28T11:20:39","modified_gmt":"2026-01-28T05:50:39","slug":"passaporti-e-carte-didentita","status":"publish","type":"page","link":"https:\/\/consbangalore.esteri.it\/it\/servizi-consolari-e-visti\/servizi-per-il-cittadino-italiano\/passaporti-e-carte-didentita\/","title":{"rendered":"Passaporti e Carte d\u2019identit\u00e0"},"content":{"rendered":"<p>Per le informazioni riguardanti i documenti di viaggio si consulti la relativa <a href=\"https:\/\/www.esteri.it\/it\/servizi-consolari-e-visti\/normativa_consolare\/serviziconsolari\/documenti_di_viaggio\/\" target=\"_blank\" rel=\"noopener\"><strong><span style=\"color: #0000ff;\">sezione<\/span><\/strong><\/a> del sito web del Ministero degli Affari Esteri e della Cooperazione Internazionale.<\/p>\n<h5><strong>Rilascio Passaporto Biometrico \u2013 MAGGIORENNI<\/strong><\/h5>\n<p>Per il rilascio del passaporto biometrico ai maggiorenni (i rinnovi sono stati aboliti) \u00e8 necessario prendere appuntamento scrivendo a <span style=\"color: #0000ff;\"><a style=\"color: #0000ff;\" href=\"mailto:bangalore.consolare@esteri.it\" target=\"_blank\" rel=\"noopener\">bangalore.consolare@esteri.it<\/a><\/span> solo dopo aver adempiuto alla seguente condizione:<\/p>\n<p style=\"padding-left: 40px;\">\u2013 Se il richiedente il passaporto si trova in India da pi\u00f9 di 12 mesi, prima di richiedere l\u2019appuntamento e per poter ricevere il passaporto \u00e8 necessario essere iscritti all\u2019<strong><span style=\"color: #0000ff;\"><a style=\"color: #0000ff;\" href=\"https:\/\/www.esteri.it\/it\/servizi-consolari-e-visti\/italiani-all-estero\/aire_0\/\" target=\"_blank\" rel=\"noopener\">AIRE <\/a><\/span><\/strong>(Anagrafe Italiani Residenti all&#8217;Estero), e aggiornare la propria situazione anagrafica e di Stato Civile.<\/p>\n<p>&nbsp;<\/p>\n<p>Per informazioni riguardanti la procedura di iscrizione o aggiornamento <strong>AIRE<\/strong> si consulti la relativa <strong><span style=\"color: #0000ff;\"><a style=\"color: #0000ff;\" href=\"https:\/\/ambnewdelhi.esteri.it\/it\/servizi-consolari-e-visti\/servizi-per-il-cittadino-italiano\/anagrafe-degli-italiani-residenti-allestero-aire\/\" target=\"_blank\" rel=\"noopener\">sezione<\/a>\u00a0<\/span><\/strong> <span style=\"color: #000000;\">Anagrafe degli Italiani residenti all\u2019estero (A.I.R.E.) dell&#8217;<strong><span style=\"color: #0000ff;\"><a style=\"color: #0000ff;\" href=\"https:\/\/ambnewdelhi.esteri.it\/it\/\" target=\"_blank\" rel=\"noopener\">Ambasciata d&#8217;Italia a New Delhi.<\/a><\/span><\/strong><\/span><\/p>\n<p>Per informazioni relative alle procedure di regolarizzazione della propria posizione di Stato Civile si consulti la <strong><span style=\"color: #0000ff;\"><a style=\"color: #0000ff;\" href=\"https:\/\/ambnewdelhi.esteri.it\/it\/servizi-consolari-e-visti\/servizi-per-il-cittadino-italiano\/stato-civile\/\" target=\"_blank\" rel=\"noopener\">sezione Stato Civile<\/a><\/span><\/strong> <span style=\"color: #000000;\">dell&#8217;<strong><span style=\"color: #0000ff;\"><a style=\"color: #0000ff;\" href=\"https:\/\/ambnewdelhi.esteri.it\/it\/\" target=\"_blank\" rel=\"noopener\">Ambasciata d&#8217;Italia a New Delhi.<\/a><\/span><\/strong><\/span><\/p>\n<p>&nbsp;<\/p>\n<p>In occasione della richiesta del passaporto, la Cancelleria Consolare verificher\u00e0 che il richiedente sia iscritto all\u2019<strong>AIRE<\/strong> e che la sua situazione anagrafica e quella del suo nucleo familiare siano aggiornate.<\/p>\n<p>&nbsp;<\/p>\n<p>Il giorno dell\u2019appuntamento l\u2019interessato dovr\u00e0 presentarsi munito di:<\/p>\n<p>1) <strong><a href=\"https:\/\/consbangalore.esteri.it\/wp-content\/uploads\/2026\/01\/Domanda-Passaporto-adulti-BANGALORE.pdf\">modulo di richiesta<\/a><\/strong>;<br \/>\n2) il precedente passaporto;<br \/>\n3) una fotografia formato passaporto (3,5 x 4 cm, frontale, su sfondo bianco, viso in primo piano).<\/p>\n<p>Si raccomanda di far pervenire una copia di tutta la documentazione richiesta all\u2019indirizzo e-mail <span style=\"color: #0000ff;\"><a style=\"color: #0000ff;\" href=\"mailto:bangalore.consolare@esteri.it\" target=\"_blank\" rel=\"noopener\">bangalore.consolare@esteri.it<\/a>,<\/span>\u00a0 almeno tre giorni prima dell\u2019appuntamento.<\/p>\n<p>Il costo del passaporto biometrico \u00e8 di 116 Euro, sia per adulti sia per minorenni di qualsiasi et\u00e0, e corrisponde al costo del libretto (42,50 Euro) cui si aggiunge un contributo amministrativo di 73,50 Euro da pagare al momento del rilascio del passaporto ordinario (incluso il rilascio a favore di minori). Per l\u2019importo totale &#8211; da pagare esclusivamente in contanti in Rupie indiane &#8211; si prega di fare riferimento alla <span style=\"color: #0000ff;\"><strong><a style=\"color: #0000ff;\" href=\"https:\/\/ambnewdelhi.esteri.it\/it\/servizi-consolari-e-visti\/servizi-per-il-cittadino-italiano\/altri-servizi\/tariffe-consolari\/\" target=\"_blank\" rel=\"noopener\">tabella dei diritti consolari<\/a><\/strong><\/span> con il tasso di ragguaglio, pubblicata dall&#8217;<span style=\"color: #000000;\"><strong><span style=\"color: #0000ff;\"><a style=\"color: #0000ff;\" href=\"https:\/\/ambnewdelhi.esteri.it\/it\/\" target=\"_blank\" rel=\"noopener\">Ambasciata d&#8217;Italia a New Delhi<\/a><\/span><\/strong><\/span>.<\/p>\n<p>&nbsp;<\/p>\n<h5><strong>Rilascio Passaporto Biometrico \u2013 MINORI<\/strong><\/h5>\n<p>Per il rilascio del passaporto biometrico per i minori \u00e8 sempre richiesta la presenza del minore di qualsiasi et\u00e0 presso l&#8217;ufficio consolare nel giorno dell\u2019appuntamento, da prendere scrivendo a <span style=\"color: #0000ff;\"><a style=\"color: #0000ff;\" href=\"mailto:bangalore.consolare@esteri.it\" target=\"_blank\" rel=\"noopener\">bangalore.consolare@esteri.it<\/a><\/span>. Il minore deve essere accompagnato da entrambi o da uno dei genitori.<br \/>\nAll\u2019appuntamento dovr\u00e0 essere presentata la seguente documentazione:<\/p>\n<p>1. <strong><a href=\"https:\/\/consbangalore.esteri.it\/wp-content\/uploads\/2026\/01\/Domanda-passaporto-minori-Bangalore.pdf\">Domanda di rilascio passaporto minori<\/a><\/strong>\u00a0debitamente compilata e firmata da entrambi i genitori, accompagnata dalla fotocopia dei loro documenti di riconoscimento;<\/p>\n<p style=\"padding-left: 80px;\">in alternativa, domanda di rilascio di passaporto per minori firmata da uno solo dei genitori ed accompagnata da separato <strong><a href=\"https:\/\/consbangalore.esteri.it\/wp-content\/uploads\/2026\/01\/atto_di_assenso_per_rilascio_passaporto_a_minori.pdf\">atto di assenso dell\u2019altro genitore<\/a><\/strong> (qualora sia cittadino UE o residente in Italia), con scansione del documento di riconoscimento del genitore non presente dal quale si evinca la corrispondenza della firma apposta sull\u2019atto di assenso (per cittadini di Paesi extra-europei l\u2019altro genitore dovr\u00e0 invece sottoscrivere l\u2019assenso personalmente presso l&#8217;ufficio consolare o, in alternativa, fare autenticare la firma presso una Questura, se in Italia, o da una rappresentanza diplomatico-consolare, se all\u2019estero in un Paese diverso dall\u2019India);<\/p>\n<p style=\"padding-left: 80px;\">nel caso di genitori separati o divorziati che non siano in grado di produrre l\u2019assenso prescritto \u00e8 prevista la facolt\u00e0 di rivolgere un\u2019istanza al Capo dell&#8217;Ufficio Consolare per l\u2019emanazione dell\u2019apposita autorizzazione, ove i figli minori siano residenti nella circoscrizione consolare del Consolato Generale d&#8217;Italia a Bangalore;<\/p>\n<p>2. il precedente passaporto;<\/p>\n<p>3. una fotografia formato passaporto (3,5 x 4 cm, frontale, su sfondo bianco, viso in primo piano);<\/p>\n<p>Si sar\u00e0 grati per anticipare all\u2019indirizzo e-mail <a href=\"mailto:bangalore.consolare@esteri.it\" target=\"_blank\" rel=\"noopener\"><span style=\"color: #0000ff;\">bangalore.consolare@esteri.it<\/span><\/a> una copia di tutta la documentazione entro i tre giorni antecedenti all\u2019appuntamento.<\/p>\n<p>Il costo del passaporto biometrico \u00e8 di 116 Euro, sia per adulti sia per minorenni di qualsiasi et\u00e0, e corrisponde al costo del libretto (42,50 Euro) cui si aggiunge un contributo amministrativo di 73,50 Euro da pagare al momento del rilascio del passaporto ordinario (incluso il rilascio a favore di minori). Per l\u2019importo totale &#8211; da pagare esclusivamente in contanti in Rupie indiane &#8211; si prega di fare riferimento alla <span style=\"color: #0000ff;\"><strong><a style=\"color: #0000ff;\" href=\"https:\/\/ambnewdelhi.esteri.it\/it\/servizi-consolari-e-visti\/servizi-per-il-cittadino-italiano\/altri-servizi\/tariffe-consolari\/\" target=\"_blank\" rel=\"noopener\">tabella dei diritti consolari<\/a><\/strong><\/span> con il tasso di ragguaglio, pubblicata dall&#8217;<span style=\"color: #000000;\"><strong><span style=\"color: #0000ff;\"><a style=\"color: #0000ff;\" href=\"https:\/\/ambnewdelhi.esteri.it\/it\/\" target=\"_blank\" rel=\"noopener\">Ambasciata d&#8217;Italia a New Delhi<\/a><\/span><\/strong><\/span>.<\/p>\n<p>&nbsp;<\/p>\n<h5><strong>Carta d\u2019Identit\u00e0 Elettronica<\/strong><\/h5>\n<p>La Carta d\u2019Identit\u00e0 Elettronica (<span style=\"color: #0000ff;\"><strong><a style=\"color: #0000ff;\" href=\"https:\/\/www.cartaidentita.interno.gov.it\/\" target=\"_blank\" rel=\"noopener\">CIE<\/a><\/strong><\/span>) \u00e8 un documento personale di riconoscimento dei cittadini italiani emesso dal Ministero dell\u2019Interno, che permette l\u2019accertamento dell\u2019identit\u00e0 del possessore e l\u2019accesso ai servizi online delle Pubbliche Amministrazioni. La CIE \u00e8 valida per identificarsi e circolare nell\u2019Unione Europea, in alcuni Stati aderenti all\u2019accordo di Schengen (ad es. Islanda, Norvegia e Svizzera) e in altri Stati con cui sono stati raggiunti accordi bilaterali (vedasi le singole \u201cschede Paese\u201d sul sito <span style=\"color: #0000ff;\"><strong><a style=\"color: #0000ff;\" href=\"https:\/\/www.viaggiaresicuri.it\/home\" target=\"_blank\" rel=\"noopener\">viaggiaresicuri.it<\/a><\/strong><\/span>).<\/p>\n<p>La CIE \u00e8 dotata di una componente elettronica che rappresenta l\u2019identit\u00e0 digitale del cittadino.<\/p>\n<p>&nbsp;<\/p>\n<ul>\n<li><strong>A chi pu\u00f2 essere rilasciata la Carta di Identit\u00e0 Elettronica?<\/strong><\/li>\n<\/ul>\n<p>Il Consolato Generale d\u2019Italia a Bangalore pu\u00f2 rilasciare la CIE <strong>esclusivamente ai cittadini italiani regolarmente residenti in questa circoscrizione consolare con iscrizione AIRE completa. <\/strong>Per ulteriori informazioni cliccare <strong><span style=\"color: #0000ff;\"><a style=\"color: #0000ff;\" href=\"https:\/\/www.esteri.it\/it\/servizi-consolari-e-visti\/italiani-all-estero\/documenti_di_viaggio\/carta_identita\/\" target=\"_blank\" rel=\"noopener\">qui<\/a><\/span>.<\/strong><\/p>\n<p><strong>Nel caso si sia cambiato indirizzo di residenza <\/strong>(rispetto a quello comunicato in precedenza), \u00e8 necessario chiedere la variazione di indirizzo tramite il portale <span style=\"color: #0000ff;\"><strong><a style=\"color: #0000ff;\" href=\"https:\/\/serviziconsolarionline.esteri.it\/ScoFE\/index.sco\" target=\"_blank\" rel=\"noopener\">FAST IT<\/a><\/strong><\/span> prima di procedere alla prenotazione.<\/p>\n<p>La CIE non viene rilasciata a vista, viene invece spedita per posta a casa del richiedente entro cinque settimane dalla data della richiesta (i tempi di consegna potrebbero variare).<\/p>\n<p>&nbsp;<\/p>\n<ul>\n<li><strong>Quando si pu\u00f2 richiedere?<\/strong><\/li>\n<\/ul>\n<p>a) In sostituzione di una carta di identit\u00e0 cartacea valida;<br \/>\nb) Quando non si abbia un\u2019altra carta d\u2019identit\u00e0 valida;<br \/>\nc) In caso di furto, smarrimento o deterioramento della carta precedente.<\/p>\n<p>&nbsp;<\/p>\n<ul>\n<li><strong>Come si richiede la Carta d\u2019Identit\u00e0 Elettronica?<\/strong><\/li>\n<\/ul>\n<p>La richiesta della CIE deve essere presentata utilizzando esclusivamente la piattaforma <span style=\"color: #0000ff;\"><strong><a style=\"color: #0000ff;\" href=\"https:\/\/prenotami.esteri.it\/\" target=\"_blank\" rel=\"noopener\">Prenot@MI<\/a><\/strong><\/span> da pc o laptop (non da cellulare) con uno dei seguenti browser:<br \/>\na) Edge;<br \/>\nb) Chrome.<\/p>\n<p>&nbsp;<\/p>\n<ul>\n<li><strong>\u00c8 possibile chiedere l\u2019appuntamento per i figli minori?<\/strong><\/li>\n<\/ul>\n<p>S\u00ec. In fase di prenotazione dell\u2019appuntamento bisogner\u00e0 <strong>compilare una scheda per ciascuna persona che ha bisogno della nuova carta CIE (richiedenti)<\/strong>. Sar\u00e0 possibile con un\u2019unica richiesta prenotare un appuntamento fino a 5 persone.<\/p>\n<p>&nbsp;<\/p>\n<ul>\n<li><strong>Qual&#8217;\u00e8 la documentazione necessaria da portare con s\u00e9 al momento dell\u2019appuntamento per richiedere la CIE?<\/strong><\/li>\n<\/ul>\n<p>Normalmente il richiedente deve presentarsi munito di:<br \/>\na) Una fotografia recente formato tessera, conforme agli <span style=\"color: #0000ff;\"><strong><a style=\"color: #0000ff;\" href=\"https:\/\/www.esteri.it\/it\/servizi-consolari-e-visti\/italiani-all-estero\/documenti_di_viaggio\/linee-guida-foto-icao\/\" target=\"_blank\" rel=\"noopener\">standard internazionali ICAO<\/a><\/strong><\/span>;<br \/>\nb) Carta di identit\u00e0 precedente. In mancanza di questa un documento di riconoscimento (anche se scaduto);<br \/>\nc) <span style=\"color: #0000ff;\"><strong><a style=\"color: #0000ff;\" href=\"https:\/\/consbangalore.esteri.it\/wp-content\/uploads\/2024\/01\/denuncia_smarrimento_furto_CIE.pdf\" target=\"_blank\" rel=\"noopener\">Dichiarazione di smarrimento\/furto carta precedente,<\/a><\/strong><\/span> se del caso;<br \/>\nd) <span style=\"color: #0000ff;\"><strong><a style=\"color: #0000ff;\" href=\"https:\/\/consbangalore.esteri.it\/wp-content\/uploads\/2024\/01\/Atto-assenso-minore-cittadini-comunitari.pdf\" target=\"_blank\" rel=\"noopener\">Atto di assenso<\/a><\/strong><\/span> di entrambi i genitori nel caso in cui il richiedente sia minorenne (si veda il precedente punto su &#8220;Rilascio Passaporto Biometrico \u2013 MINORI&#8221;).<\/p>\n<p>&nbsp;<\/p>\n<ul>\n<li><strong>Quali sono le operazioni che saranno effettuate il giorno dell\u2019appuntamento?<\/strong><\/li>\n<\/ul>\n<p>Il giorno dell\u2019appuntamento, l\u2019operatore consolare acquisisce la documentazione indicata al punto precedente, effettua il riconoscimento e la verifica della foto ed acquisisce le impronte digitali e la firma (salvo per i minori di anni 12).<\/p>\n<p>&nbsp;<\/p>\n<ul>\n<li><strong>Come si riceve la Carta d\u2019Identit\u00e0 Elettronica (CIE)?<\/strong><\/li>\n<\/ul>\n<p>La CIE \u00e8 emessa dal Ministero dell\u2019Interno e prodotta dall\u2019Istituto Poligrafico e Zecca dello Stato, che la spedisce, a mezzo posta raccomandata, all\u2019indirizzo di residenza dichiarato dal richiedente. Il connazionale potr\u00e0 seguire la spedizione autonomamente online, attraverso il codice di tracciamento.<\/p>\n<p>&nbsp;<\/p>\n<ul>\n<li><strong>Quanto tempo vale la Carta d\u2019Identit\u00e0 Elettronica (CIE)?<\/strong><\/li>\n<\/ul>\n<p>La validit\u00e0 della Carta d\u2019Identit\u00e0 Elettronica (CIE) varia a seconda dell\u2019et\u00e0 del titolare ed \u00e8 di:<br \/>\na) <strong>3 anni<\/strong>\u00a0dalla data di emissione per i minori che hanno meno di 3 anni di et\u00e0;<br \/>\nb) <strong>5 anni<\/strong>\u00a0dalla data di emissione per i minori con un\u2019et\u00e0 compresa tra i 3 e i 18 anni;<br \/>\nc) <strong>9 anni<\/strong> pi\u00f9 i giorni intercorrenti fra la data della richiesta e la data di nascita, per tutti gli altri.<\/p>\n<p>&nbsp;<\/p>\n<ul>\n<li><strong>Cos\u2019\u00e8 l\u2019atto di assenso?<\/strong><\/li>\n<\/ul>\n<p>L\u2019assenso per il rilascio della Carta di Identit\u00e0 Elettronica per minorenni \u00e8 necessario anche in caso di genitori non sposati, separati o divorziati. <strong>Se l\u2019altro genitore \u00e8 un cittadino comunitario<\/strong> non \u00e8 necessaria la presenza in Consolato dello stesso: sar\u00e0 sufficiente il modulo di atto di assenso compilato e firmato insieme ad una fotocopia del passaporto o carta d\u2019identit\u00e0 di chi concede l\u2019assenso, per il confronto delle firme.<br \/>\nSe il genitore che concede l\u2019assenso \u00e8 <strong>extracomunitario,<\/strong> deve allora firmare la dichiarazione di assenso in una delle seguenti modalit\u00e0:<br \/>\na) Presso il Consolato Generale di Bangalore il giorno dell\u2019appuntamento, munito di documento di identit\u00e0;<br \/>\nb) Presso l\u2019Ufficio del Corrispondente Consolare in Tamil Nadu (Auroville);<br \/>\nc) Presso un <strong>qualsiasi notaio indiano<\/strong>. La dichiarazione autenticata dal notaio dovr\u00e0 in seguito essere legalizzata<br \/>\ndall\u2019 \u201c<em>Home Department<\/em>\u201d e apostillata dal Ministero degli Affari Esteri indiano;<br \/>\nd) Presso un funzionario della Pubblica Amministrazione in Italia;<br \/>\ne) Presso un funzionario di una qualsiasi Ambasciata o Consolato italiano nel mondo.<\/p>\n<p><strong>In caso di decesso di uno dei genitori<\/strong> occorre presentare una copia del certificato di morte. In caso di certificato non italiano, esso dovr\u00e0 essere apostillato.<\/p>\n<p>Nel caso in cui non fosse possibile ottenere l\u2019assenso dell\u2019altro genitore, sar\u00e0 necessario chiedere l\u2019emissione di un Decreto del Giudice Tutelare, chiedendo assistenza all\u2019Ufficio Consolare.<\/p>\n<p>&nbsp;<\/p>\n<ul>\n<li><strong>Devo chiedere una nuova CIE se cambio indirizzo?<\/strong><\/li>\n<\/ul>\n<p>La Carta d\u2019Identit\u00e0 Elettronica \u00e8 un documento di identit\u00e0 e non di residenza.<\/p>\n<p>&nbsp;<\/p>\n<p><strong>\u00c8 possibile per le donne sposate inserire il cognome del marito?<\/strong><\/p>\n<p>La Carta d\u2019Identit\u00e0 Elettronica \u00e8 un documento di identit\u00e0 e non di Stato Civile.<\/p>\n<p>&nbsp;<\/p>\n<ul>\n<li><strong>Posso richiedere la CIE presso il mio Comune in Italia, anche se residente all\u2019estero?<\/strong><\/li>\n<\/ul>\n<p>Il connazionale dovr\u00e0 verificare con il Comune in Italia.<\/p>\n<p>&nbsp;<\/p>\n<p><strong>AVVERTENZA: IN OCCASIONE DEL RILASCIO DEL PASSAPORTO, L&#8217;UFFICIO CONSOLARE VERIFICHER\u00c0 CHE I DATI RIGUARDANTI IL RICHIEDENTE E IL SUO NUCLEO FAMILIARE SIANO AGGIORNATI E NON SIANO INTERVENUTE VARIAZIONI RELATIVE ALL\u2019INDIRIZZO, ALLO STATO CIVILE (MATRIMONIO, DIVORZIO), ALLA NASCITA DI FIGLI, ECC. <\/strong><\/p>\n<p><strong>OVE NECESSARIO, IL CONSOLATO PROVVEDER\u00c0 A RICHIEDERE ULTERIORE DOCUMENTAZIONE AL FINE DI REGOLARIZZARE LA POSIZIONE ANAGRAFICA DEL RICHIEDENTE E\/O DEI SUOI FAMILIARI CONVIVENTI. LE DOMANDE INCOMPLETE NON POTRANNO ESSERE ACCOLTE.<\/strong><\/p>\n","protected":false},"excerpt":{"rendered":"Per le informazioni riguardanti i documenti di viaggio si consulti la relativa sezione del sito web del Ministero degli Affari Esteri e della Cooperazione Internazionale. Rilascio Passaporto Biometrico \u2013 MAGGIORENNI Per il rilascio del passaporto biometrico ai maggiorenni (i rinnovi sono stati aboliti) \u00e8 necessario prendere appuntamento scrivendo a bangalore.consolare@esteri.it solo dopo aver adempiuto alla [&hellip;]","protected":false},"author":1,"featured_media":0,"parent":59,"menu_order":0,"comment_status":"closed","ping_status":"closed","template":"","meta":{"footnotes":""},"class_list":["post-67","page","type-page","status-publish","hentry"],"_links":{"self":[{"href":"https:\/\/consbangalore.esteri.it\/it\/wp-json\/wp\/v2\/pages\/67","targetHints":{"allow":["GET"]}}],"collection":[{"href":"https:\/\/consbangalore.esteri.it\/it\/wp-json\/wp\/v2\/pages"}],"about":[{"href":"https:\/\/consbangalore.esteri.it\/it\/wp-json\/wp\/v2\/types\/page"}],"author":[{"embeddable":true,"href":"https:\/\/consbangalore.esteri.it\/it\/wp-json\/wp\/v2\/users\/1"}],"replies":[{"embeddable":true,"href":"https:\/\/consbangalore.esteri.it\/it\/wp-json\/wp\/v2\/comments?post=67"}],"version-history":[{"count":6,"href":"https:\/\/consbangalore.esteri.it\/it\/wp-json\/wp\/v2\/pages\/67\/revisions"}],"predecessor-version":[{"id":3344,"href":"https:\/\/consbangalore.esteri.it\/it\/wp-json\/wp\/v2\/pages\/67\/revisions\/3344"}],"up":[{"embeddable":true,"href":"https:\/\/consbangalore.esteri.it\/it\/wp-json\/wp\/v2\/pages\/59"}],"wp:attachment":[{"href":"https:\/\/consbangalore.esteri.it\/it\/wp-json\/wp\/v2\/media?parent=67"}],"curies":[{"name":"wp","href":"https:\/\/api.w.org\/{rel}","templated":true}]}}