{"id":37,"date":"2023-04-03T19:15:59","date_gmt":"2023-04-03T17:15:59","guid":{"rendered":"https:\/\/consolatozurigo.esteri.it\/?page_id=37"},"modified":"2024-12-18T14:21:15","modified_gmt":"2024-12-18T08:51:15","slug":"contatti","status":"publish","type":"page","link":"https:\/\/consbangalore.esteri.it\/it\/chi-siamo\/contatti\/","title":{"rendered":"Contatti"},"content":{"rendered":"<h5><span style=\"color: #0000ff;\"><strong>Consolato Generale d&#8217;Italia a Bangalore<br \/>\n<\/strong><\/span><\/h5>\n<p>Vaishnavi Icon, secondo piano<br \/>\n56, Richmond Rd<br \/>\nBengaluru &#8211; 560 025<br \/>\nTel. +91 80 6976 7000<br \/>\nEmail ID: <a href=\"mailto:bangalore.consgen@esteri.it\" target=\"_blank\" rel=\"noopener\"><span style=\"color: #0000ff;\">bangalore.consgen@esteri.it<\/span><\/a><br \/>\nPEC:\u00a0\u00a0\u00a0\u00a0<a href=\"mailto:con.bangalore@cert.esteri.it\" target=\"_blank\" rel=\"noopener\"><span style=\"color: #0000ff;\">con.bangalore@cert.esteri.it\u00a0<\/span><\/a> (<em><strong>Attenzione!<\/strong> Questa casella \u00e8 abilitata a ricevere solo da altri indirizzi PEC!)<\/em><\/p>\n<p>&nbsp;<\/p>\n<h5><span style=\"color: #0000ff;\"><strong>Sezione Consolare<\/strong><\/span><\/h5>\n<p>Orario di ricevimento: dal luned\u00ec al venerd\u00ec dalle 10:00 alle 12:00<br \/>\nE-mail:\u00a0<a href=\"mailto:bangalore.consolare@esteri.it\" target=\"_blank\" rel=\"noopener\"><span style=\"color: #0000ff;\">bangalore.consolare@esteri.it<\/span><\/a><\/p>\n<p><strong>I cittadini italiani che si trovino in reale situazione di emergenza<\/strong>\u00a0(es: incidente, arresto, gravi problemi di salute, ecc.) possono chiamare il seguente numero:\u00a0<strong>+91-89518 06518<\/strong><\/p>\n<p><em>Si precisa che questo numero\u00a0<span style=\"color: #0000ff;\"><strong>NON pu\u00f2 essere utilizzato per chiedere informazioni sul servizio visti\u00a0n\u00e8 per altri servizi<\/strong> <\/span>forniti da questo Consolato Generale, ma \u00e8 utilizzabile esclusivamente per emergenze riguardanti i cittadini italiani.<\/em><\/p>\n<p>&nbsp;<\/p>\n<h5><span style=\"color: #0000ff;\"><strong>Sezione Visti<\/strong><\/span><\/h5>\n<p>Orario di ricevimento (<span style=\"color: #0000ff;\"><strong>solo su appuntamento<\/strong><\/span>): dal luned\u00ec al venerd\u00ec dalle 10:00 alle 12:00<\/p>\n<p>E-mail: <a href=\"mailto:bangalore.visa@esteri.it\" target=\"_blank\" rel=\"noopener\"><span style=\"color: #0000ff;\">bangalore.visa@esteri.it<\/span><\/a> o <a href=\"mailto:bangalore.consgen@esteri.it\" target=\"_blank\" rel=\"noopener\"><span style=\"color: #0000ff;\">bangalore.consgen@esteri.it<\/span><\/a><\/p>\n<p>Per presentare domanda o chiedere informazioni sullo stato della richiesta di visto, si pu\u00f2 contattare l&#8217;agenzia <strong><span style=\"color: #0000ff;\"><a style=\"color: #0000ff;\" href=\"https:\/\/visa.vfsglobal.com\/ind\/en\/ita\/\" target=\"_blank\" rel=\"noopener\">VFS.<\/a><\/span><\/strong><\/p>\n<p>&nbsp;<\/p>\n<h5><span style=\"color: #0000ff;\"><strong>Amministrazione<\/strong><\/span><\/h5>\n<p>E-mail: <a href=\"mailto:bangalore.amministrazione@esteri.it\" target=\"_blank\" rel=\"noopener\"><span style=\"color: #0000ff;\">bangalore.amministrazione@esteri.it<\/span><\/a><\/p>\n<p>&nbsp;<\/p>\n<h6><em><span style=\"color: #808080;\">Dati aggiornati al novembre 2024<\/span><\/em><\/h6>\n","protected":false},"excerpt":{"rendered":"Consolato Generale d&#8217;Italia a Bangalore Vaishnavi Icon, secondo piano 56, Richmond Rd Bengaluru &#8211; 560 025 Tel. +91 80 6976 7000 Email ID: bangalore.consgen@esteri.it PEC:\u00a0\u00a0\u00a0\u00a0con.bangalore@cert.esteri.it\u00a0 (Attenzione! Questa casella \u00e8 abilitata a ricevere solo da altri indirizzi PEC!) &nbsp; Sezione Consolare Orario di ricevimento: dal luned\u00ec al venerd\u00ec dalle 10:00 alle 12:00 E-mail:\u00a0bangalore.consolare@esteri.it I cittadini italiani [&hellip;]","protected":false},"author":1,"featured_media":0,"parent":13,"menu_order":8,"comment_status":"closed","ping_status":"closed","template":"","meta":{"footnotes":""},"class_list":["post-37","page","type-page","status-publish","hentry"],"_links":{"self":[{"href":"https:\/\/consbangalore.esteri.it\/it\/wp-json\/wp\/v2\/pages\/37","targetHints":{"allow":["GET"]}}],"collection":[{"href":"https:\/\/consbangalore.esteri.it\/it\/wp-json\/wp\/v2\/pages"}],"about":[{"href":"https:\/\/consbangalore.esteri.it\/it\/wp-json\/wp\/v2\/types\/page"}],"author":[{"embeddable":true,"href":"https:\/\/consbangalore.esteri.it\/it\/wp-json\/wp\/v2\/users\/1"}],"replies":[{"embeddable":true,"href":"https:\/\/consbangalore.esteri.it\/it\/wp-json\/wp\/v2\/comments?post=37"}],"version-history":[{"count":7,"href":"https:\/\/consbangalore.esteri.it\/it\/wp-json\/wp\/v2\/pages\/37\/revisions"}],"predecessor-version":[{"id":2612,"href":"https:\/\/consbangalore.esteri.it\/it\/wp-json\/wp\/v2\/pages\/37\/revisions\/2612"}],"up":[{"embeddable":true,"href":"https:\/\/consbangalore.esteri.it\/it\/wp-json\/wp\/v2\/pages\/13"}],"wp:attachment":[{"href":"https:\/\/consbangalore.esteri.it\/it\/wp-json\/wp\/v2\/media?parent=37"}],"curies":[{"name":"wp","href":"https:\/\/api.w.org\/{rel}","templated":true}]}}