{"id":2686,"date":"2025-02-17T14:45:08","date_gmt":"2025-02-17T09:15:08","guid":{"rendered":"https:\/\/consbangalore.esteri.it\/?page_id=2686"},"modified":"2026-01-06T14:45:03","modified_gmt":"2026-01-06T09:15:03","slug":"endorsement-per-certificati-imo-stcw","status":"publish","type":"page","link":"https:\/\/consbangalore.esteri.it\/it\/servizi-consolari-e-visti\/servizi-per-il-cittadino-straniero\/endorsement-per-certificati-imo-stcw\/","title":{"rendered":"Endorsement per Certificati IMO STCW"},"content":{"rendered":"<p>Il Consolato Generale d\u2019Italia a Bangalore \u00e8 competente per il rilascio ed il rinnovo di Endorsement italiani dei certificati IMO STCW emessi o riconosciuti dal Directorate General of Shipping, Ministry of Shipping dell\u2019India.<\/p>\n<p>Per certificati emessi o riconosciuti da autorit\u00e0 diverse dal Directorate General of Shipping indiano, \u00e8 possibile verificare in quale Paese si trovi l\u2019Autorit\u00e0 consolare territorialmente competente a <strong><span style=\"color: #0000ff;\"><a style=\"color: #0000ff;\" href=\"https:\/\/serviziconsolarionline.esteri.it\/ScoFE\/services\/consulate\/find-consulate.sco\" target=\"_blank\" rel=\"noopener\">questa pagina<\/a><\/span><\/strong>.<\/p>\n<p>L\u2019endorsement garantisce autorizzazione all\u2019imbarco per tutta la durata della validit\u00e0 del certificato a cui si riferisce, fino ad un massimo di 5 anni. Per il rilascio \u00e8 necessario che il richiedente si presenti in Consolato per firmare, di fronte ad un funzionario, l\u2019Endorsement stesso.<\/p>\n<p>A tale scopo occorre richiedere un appuntamento scrivendo all\u2019indirizzo <span style=\"color: #0000ff;\"><a style=\"color: #0000ff;\" href=\"mailto:bangalore.consolare@esteri.it\" target=\"_blank\" rel=\"noopener\">bangalore.consolare@esteri.it<\/a><\/span> allegando all\u2019email la seguente documentazione:<\/p>\n<ul>\n<li><strong><span style=\"color: #0000ff;\"><a style=\"color: #0000ff;\" href=\"https:\/\/consbangalore.esteri.it\/wp-content\/uploads\/2025\/02\/Allegato-14Quarter.pdf\" target=\"_blank\" rel=\"noopener\">Modulo di richiesta<\/a><\/span><\/strong> compilato e firmato;<\/li>\n<li>Copia del passaporto in corso di validit\u00e0 (solo la pagina riportante foto e dati del possessore);<\/li>\n<li>Libretto di navigazione (solo la pagina riportante foto e dati del possessore);<\/li>\n<li>Copia del certificato per il quale si intende richiedere l\u2019Endorsement.<\/li>\n<\/ul>\n<p>&nbsp;<\/p>\n<p>Una volta verificata l\u2019accettabilit\u00e0 dei documenti allegati, l\u2019Ufficio risponder\u00e0 al richiedente offrendo un appuntamento in Consolato.<\/p>\n<p>All\u2019appuntamento, il richiedente dovr\u00e0 presentare\u00a0<span style=\"color: #000000;\"><strong>IN ORIGINALE<\/strong><\/span> la documentazione, accompagnata da due fototessere per ogni certificato richiesto.<\/p>\n<p>L\u2019appuntamento avr\u00e0 luogo tra le 14.30 e le 16.00 del marted\u00ec e del gioved\u00ec all\u2019indirizzo:<\/p>\n<p><strong>Consolato Generale d\u2019Italia a Bangalore<\/strong><strong><br \/>\n<\/strong><strong>2<sup>nd<\/sup> Floor, Vaishnavi Icon<\/strong><strong><br \/>\n<\/strong><strong>56 Richmond Rd, Bengaluru &#8211; 560025<\/strong><\/p>\n<p>&nbsp;<\/p>\n<p>Il costo \u00e8 di 36.70\u20ac (3,800 rupie) per ogni Endorsement richiesto, a cui aggiungere eventuali diritti d\u2019urgenza di 50,00\u20ac (5,180 rupie) per appuntamenti urgenti. I costi in valuta locale sono aggiornati al primo trimestre del 2025. Il tasso di cambio euro-rupie \u00e8 periodicamente aggiornato, pertanto il costo in rupie pu\u00f2 essere soggetto a variazioni nel tempo.<\/p>\n<p>In caso di dubbi, \u00e8 sempre possibile richiedere ulteriori informazioni scrivendo all\u2019indirizzo <span style=\"color: #0000ff;\"><a style=\"color: #0000ff;\" href=\"mailto:bangalore.consolare@esteri.it\" target=\"_blank\" rel=\"noopener\">bangalore.consolare@esteri.it<\/a><\/span>.<\/p>\n","protected":false},"excerpt":{"rendered":"Il Consolato Generale d\u2019Italia a Bangalore \u00e8 competente per il rilascio ed il rinnovo di Endorsement italiani dei certificati IMO STCW emessi o riconosciuti dal Directorate General of Shipping, Ministry of Shipping dell\u2019India. Per certificati emessi o riconosciuti da autorit\u00e0 diverse dal Directorate General of Shipping indiano, \u00e8 possibile verificare in quale Paese si trovi [&hellip;]","protected":false},"author":3,"featured_media":0,"parent":62,"menu_order":6,"comment_status":"closed","ping_status":"closed","template":"","meta":{"footnotes":""},"class_list":["post-2686","page","type-page","status-publish","hentry"],"_links":{"self":[{"href":"https:\/\/consbangalore.esteri.it\/it\/wp-json\/wp\/v2\/pages\/2686","targetHints":{"allow":["GET"]}}],"collection":[{"href":"https:\/\/consbangalore.esteri.it\/it\/wp-json\/wp\/v2\/pages"}],"about":[{"href":"https:\/\/consbangalore.esteri.it\/it\/wp-json\/wp\/v2\/types\/page"}],"author":[{"embeddable":true,"href":"https:\/\/consbangalore.esteri.it\/it\/wp-json\/wp\/v2\/users\/3"}],"replies":[{"embeddable":true,"href":"https:\/\/consbangalore.esteri.it\/it\/wp-json\/wp\/v2\/comments?post=2686"}],"version-history":[{"count":6,"href":"https:\/\/consbangalore.esteri.it\/it\/wp-json\/wp\/v2\/pages\/2686\/revisions"}],"predecessor-version":[{"id":3257,"href":"https:\/\/consbangalore.esteri.it\/it\/wp-json\/wp\/v2\/pages\/2686\/revisions\/3257"}],"up":[{"embeddable":true,"href":"https:\/\/consbangalore.esteri.it\/it\/wp-json\/wp\/v2\/pages\/62"}],"wp:attachment":[{"href":"https:\/\/consbangalore.esteri.it\/it\/wp-json\/wp\/v2\/media?parent=2686"}],"curies":[{"name":"wp","href":"https:\/\/api.w.org\/{rel}","templated":true}]}}