{"id":13,"date":"2023-04-03T18:23:20","date_gmt":"2023-04-03T16:23:20","guid":{"rendered":"https:\/\/consolatozurigo.esteri.it\/?page_id=13"},"modified":"2026-01-29T15:38:53","modified_gmt":"2026-01-29T10:08:53","slug":"chi-siamo","status":"publish","type":"page","link":"https:\/\/consbangalore.esteri.it\/it\/chi-siamo\/","title":{"rendered":"Chi siamo"},"content":{"rendered":"<p>Il Consolato Generale \u00e8 aperto dal luned\u00ec al venerd\u00ec dalle ore 9:30 alle ore 16:30.<\/p>\n<p>L&#8217;indirizzo \u00e8 il seguente:<\/p>\n<p>Vaishnavi Icon, secondo piano<br \/>\n56, Richmond Rd<br \/>\nBengaluru &#8211; 560 025<br \/>\nTel. +91 (0)80 6976 7000<\/p>\n<p>Email ID: <a href=\"mailto:bangalore.consgen@esteri.it\" target=\"_blank\" rel=\"noopener\"><span style=\"color: #0000ff;\">bangalore.consgen@esteri.it<\/span><\/a><br \/>\nPEC:\u00a0\u00a0\u00a0\u00a0<a href=\"mailto:con.bangalore@cert.esteri.it\" target=\"_blank\" rel=\"noopener\"><span style=\"color: #0000ff;\">con.bangalore@cert.esteri.it\u00a0<\/span><\/a> (<em><strong>Attenzione!<\/strong> Questa casella \u00e8 abilitata a ricevere solo da altri indirizzi PEC!)<\/em><\/p>\n<p>&nbsp;<\/p>\n<p>Il Consolato Generale \u00e8 <strong>aperto al pubblico<\/strong>\u00a0nei seguenti orari:<\/p>\n<ul>\n<li>Sezione Consolare: luned\u00ec-venerd\u00ec dalle 10:00 alle 12:00<\/li>\n<li>Sezione Visti\u00a0(<strong>solo su appuntamento<\/strong>): luned\u00ec-venerd\u00ec dalle 10:00 alle 12:00<\/li>\n<\/ul>\n<p>&nbsp;<\/p>\n<p><strong>I cittadini italiani che si trovino in reale situazione di emergenza<\/strong> (es: incidente, arresto, gravi problemi di salute, ecc.) possono chiamare il seguente numero: <strong>+91-89518 06518<\/strong><\/p>\n<p><em>Si precisa che questo numero <span style=\"text-decoration: underline;\"><strong>NON<\/strong><strong>\u00a0pu\u00f2 essere utilizzato per chiedere informazioni sul servizi<\/strong><strong>o visti<\/strong> n\u00e8 per altri servizi<\/span> forniti da questo Consolato Generale ma \u00e8 utilizzabile <span style=\"text-decoration: underline;\">esclusivamente per emergenze<\/span> riguardanti i cittadini italiani.<\/em><\/p>\n<p>Per informazioni sullo stato della propria domanda di visto, contattare il <a href=\"https:\/\/www.vfs-italy.co.in\/\" target=\"_blank\" rel=\"noopener\"><strong><span style=\"color: #0000ff;\">VFS<\/span><\/strong>\u00a0<\/a> o scrivere a <span style=\"color: #0000ff;\"><a style=\"color: #0000ff;\" href=\"mailto:bangalore.visa@esteri.it\">bangalore.visa@esteri.it<\/a><\/span><\/p>\n<p style=\"text-align: justify;\">Per informazioni sulle opportunit\u00e0 di Studio in Italia, cliccare <a href=\"https:\/\/consbangalore.esteri.it\/en\/servizi-consolari-e-visti\/servizi-per-il-cittadino-straniero\/study-in-italy\/\" target=\"_blank\" rel=\"noopener\"><strong><span style=\"color: #0000ff;\">qui<\/span><\/strong><\/a>.<\/p>\n<p>&nbsp;<\/p>\n<p><strong>CALENDARIO DELLE FESTIVIT\u00c0 2026<\/strong><\/p>\n<p>Il Consolato Generale osserva un certo numero di festivit\u00e0 italiane e indiane, in base al seguente calendario:<\/p>\n<p>1\u00a0 \u00a0Gennaio \u2013 Capodanno<br \/>\n26 Gennaio \u2013 Festa Repubblica Indiana<br \/>\n4 Marzo \u2013 Holi<br \/>\n3 Aprile \u2013 Venerd\u00ec Santo<br \/>\n1\u00a0 Maggio \u2013 Festa del Lavoro<br \/>\n2\u00a0 Giugno \u2013 Festa Nazionale della Repubblica<br \/>\n15 Agosto \u2013 Assunzione\/Festa dell\u2019Indipendenza Indiana<br \/>\n2\u00a0 Ottobre \u2013 Genetliaco Mahatma Gandhi<br \/>\n8 Novembre \u2013 Diwali<br \/>\n25 Dicembre \u2013 Natale<br \/>\n26 Dicembre \u2013 Santo Stefano<\/p>\n","protected":false},"excerpt":{"rendered":"Il Consolato Generale \u00e8 aperto dal luned\u00ec al venerd\u00ec dalle ore 9:30 alle ore 16:30. L&#8217;indirizzo \u00e8 il seguente: Vaishnavi Icon, secondo piano 56, Richmond Rd Bengaluru &#8211; 560 025 Tel. +91 (0)80 6976 7000 Email ID: bangalore.consgen@esteri.it PEC:\u00a0\u00a0\u00a0\u00a0con.bangalore@cert.esteri.it\u00a0 (Attenzione! Questa casella \u00e8 abilitata a ricevere solo da altri indirizzi PEC!) &nbsp; Il Consolato Generale [&hellip;]","protected":false},"author":1,"featured_media":0,"parent":0,"menu_order":2,"comment_status":"closed","ping_status":"closed","template":"","meta":{"footnotes":""},"class_list":["post-13","page","type-page","status-publish","hentry"],"_links":{"self":[{"href":"https:\/\/consbangalore.esteri.it\/it\/wp-json\/wp\/v2\/pages\/13","targetHints":{"allow":["GET"]}}],"collection":[{"href":"https:\/\/consbangalore.esteri.it\/it\/wp-json\/wp\/v2\/pages"}],"about":[{"href":"https:\/\/consbangalore.esteri.it\/it\/wp-json\/wp\/v2\/types\/page"}],"author":[{"embeddable":true,"href":"https:\/\/consbangalore.esteri.it\/it\/wp-json\/wp\/v2\/users\/1"}],"replies":[{"embeddable":true,"href":"https:\/\/consbangalore.esteri.it\/it\/wp-json\/wp\/v2\/comments?post=13"}],"version-history":[{"count":7,"href":"https:\/\/consbangalore.esteri.it\/it\/wp-json\/wp\/v2\/pages\/13\/revisions"}],"predecessor-version":[{"id":3398,"href":"https:\/\/consbangalore.esteri.it\/it\/wp-json\/wp\/v2\/pages\/13\/revisions\/3398"}],"wp:attachment":[{"href":"https:\/\/consbangalore.esteri.it\/it\/wp-json\/wp\/v2\/media?parent=13"}],"curies":[{"name":"wp","href":"https:\/\/api.w.org\/{rel}","templated":true}]}}